{"id":7,"date":"2012-08-14T09:14:02","date_gmt":"2012-08-14T08:14:02","guid":{"rendered":"http:\/\/kfz-sv-nrw.de\/?page_id=7"},"modified":"2023-04-13T14:36:55","modified_gmt":"2023-04-13T14:36:55","slug":"dienstleistungen","status":"publish","type":"page","link":"http:\/\/kfz-sv-nrw.de\/root\/dienstleistungen\/","title":{"rendered":"Dienstleistungen"},"content":{"rendered":"<p><img loading=\"lazy\" decoding=\"async\" class=\"alignright  wp-image-45\" style=\"margin: 10px;\" title=\"fr_free_2\" src=\"http:\/\/kfz-sv-nrw.de\/wp-content\/uploads\/2012\/08\/fr_free_2-300x140.png\" alt=\"\" width=\"343\" height=\"167\" \/><\/p>\n<p><strong>Wir erstellen Gutachten in den Bereichen:<\/strong><\/p>\n<ul>\n<li>Kfz-Haftpflichtsch\u00e4den<\/li>\n<li>Kfz-Kaskosch\u00e4den<\/li>\n<li>Kfz-Bewertungen<\/li>\n<li>Oldtimer-Bewertungen<\/li>\n<li>Aggregatsch\u00e4den<\/li>\n<li>Beweissicherungen<\/li>\n<li>Allgemeine Haftpflichtsch\u00e4den<strong><a href=\"http:\/\/kfz-sv-nrw.de\/wp-content\/uploads\/2012\/08\/hos-kfz1.png\"><img loading=\"lazy\" decoding=\"async\" class=\"alignright  wp-image-163\" src=\"http:\/\/kfz-sv-nrw.de\/wp-content\/uploads\/2012\/08\/hos-kfz1-290x300.png\" alt=\"hos-kfz\" width=\"278\" height=\"288\" srcset=\"http:\/\/kfz-sv-nrw.de\/root\/wp-content\/uploads\/2012\/08\/hos-kfz1-290x300.png 290w, http:\/\/kfz-sv-nrw.de\/root\/wp-content\/uploads\/2012\/08\/hos-kfz1.png 360w\" sizes=\"auto, (max-width: 278px) 100vw, 278px\" \/><\/a><\/strong><\/li>\n<\/ul>\n<p><strong>\u00a0\u00a0\u00a0\u00a0 Wir k\u00f6nnen auch f\u00fcr Sie durchf\u00fchren:<\/strong><\/p>\n<ul>\n<li>Beratungen beim Autokauf<\/li>\n<li>Begutachtung von Reparaturen<\/li>\n<li>\u00dcberpr\u00fcfung von Reparaturrechnungen<\/li>\n<li>KFZ-Technische Beweissicherungen<\/li>\n<\/ul>\n","protected":false},"excerpt":{"rendered":"<p>Wir erstellen Gutachten in den Bereichen: Kfz-Haftpflichtsch\u00e4den Kfz-Kaskosch\u00e4den Kfz-Bewertungen Oldtimer-Bewertungen Aggregatsch\u00e4den Beweissicherungen Allgemeine Haftpflichtsch\u00e4den \u00a0\u00a0\u00a0\u00a0 Wir k\u00f6nnen auch f\u00fcr Sie durchf\u00fchren: Beratungen beim Autokauf Begutachtung von Reparaturen \u00dcberpr\u00fcfung von Reparaturrechnungen KFZ-Technische Beweissicherungen<\/p>\n","protected":false},"author":3,"featured_media":0,"parent":0,"menu_order":1,"comment_status":"closed","ping_status":"closed","template":"","meta":{"footnotes":""},"class_list":["post-7","page","type-page","status-publish","hentry"],"_links":{"self":[{"href":"http:\/\/kfz-sv-nrw.de\/root\/wp-json\/wp\/v2\/pages\/7","targetHints":{"allow":["GET"]}}],"collection":[{"href":"http:\/\/kfz-sv-nrw.de\/root\/wp-json\/wp\/v2\/pages"}],"about":[{"href":"http:\/\/kfz-sv-nrw.de\/root\/wp-json\/wp\/v2\/types\/page"}],"author":[{"embeddable":true,"href":"http:\/\/kfz-sv-nrw.de\/root\/wp-json\/wp\/v2\/users\/3"}],"replies":[{"embeddable":true,"href":"http:\/\/kfz-sv-nrw.de\/root\/wp-json\/wp\/v2\/comments?post=7"}],"version-history":[{"count":9,"href":"http:\/\/kfz-sv-nrw.de\/root\/wp-json\/wp\/v2\/pages\/7\/revisions"}],"predecessor-version":[{"id":664,"href":"http:\/\/kfz-sv-nrw.de\/root\/wp-json\/wp\/v2\/pages\/7\/revisions\/664"}],"wp:attachment":[{"href":"http:\/\/kfz-sv-nrw.de\/root\/wp-json\/wp\/v2\/media?parent=7"}],"curies":[{"name":"wp","href":"https:\/\/api.w.org\/{rel}","templated":true}]}}