{"id":413,"date":"2020-10-14T20:29:01","date_gmt":"2020-10-14T19:29:01","guid":{"rendered":"http:\/\/kfz-sv-nrw.de\/?page_id=413"},"modified":"2020-10-14T20:45:47","modified_gmt":"2020-10-14T19:45:47","slug":"home","status":"publish","type":"page","link":"http:\/\/kfz-sv-nrw.de\/root\/","title":{"rendered":"Home"},"content":{"rendered":"\n<p><strong>Wir begr\u00fc\u00dfen Sie herzlich auf unseren Seiten!<\/strong> <br>Wir sind Ihr Ansprechpartner in allen Belangen rund um das Kraftfahrzeug und stehen f\u00fcr Ihre Fragen und W\u00fcnsche an unseren Pr\u00fcf- und Sch\u00e4tzungsstellen in <strong>Dortmund<\/strong> und <strong>Ruhrgebiet (NRW)<\/strong> mit einem erfahrenen Team an Gutachtern und engagierten B\u00fcrofachkr\u00e4ften zur Verf\u00fcgung. <\/p>\n","protected":false},"excerpt":{"rendered":"<p>Wir begr\u00fc\u00dfen Sie herzlich auf unseren Seiten! Wir sind Ihr Ansprechpartner in allen Belangen rund um das Kraftfahrzeug und stehen f\u00fcr Ihre Fragen und W\u00fcnsche an unseren Pr\u00fcf- und Sch\u00e4tzungsstellen in Dortmund und Ruhrgebiet (NRW) mit einem erfahrenen Team an &hellip; <a href=\"http:\/\/kfz-sv-nrw.de\/root\/\">Weiterlesen <span class=\"meta-nav\">&rarr;<\/span><\/a><\/p>\n","protected":false},"author":3,"featured_media":0,"parent":0,"menu_order":0,"comment_status":"closed","ping_status":"closed","template":"","meta":{"footnotes":""},"class_list":["post-413","page","type-page","status-publish","hentry"],"_links":{"self":[{"href":"http:\/\/kfz-sv-nrw.de\/root\/wp-json\/wp\/v2\/pages\/413","targetHints":{"allow":["GET"]}}],"collection":[{"href":"http:\/\/kfz-sv-nrw.de\/root\/wp-json\/wp\/v2\/pages"}],"about":[{"href":"http:\/\/kfz-sv-nrw.de\/root\/wp-json\/wp\/v2\/types\/page"}],"author":[{"embeddable":true,"href":"http:\/\/kfz-sv-nrw.de\/root\/wp-json\/wp\/v2\/users\/3"}],"replies":[{"embeddable":true,"href":"http:\/\/kfz-sv-nrw.de\/root\/wp-json\/wp\/v2\/comments?post=413"}],"version-history":[{"count":1,"href":"http:\/\/kfz-sv-nrw.de\/root\/wp-json\/wp\/v2\/pages\/413\/revisions"}],"predecessor-version":[{"id":414,"href":"http:\/\/kfz-sv-nrw.de\/root\/wp-json\/wp\/v2\/pages\/413\/revisions\/414"}],"wp:attachment":[{"href":"http:\/\/kfz-sv-nrw.de\/root\/wp-json\/wp\/v2\/media?parent=413"}],"curies":[{"name":"wp","href":"https:\/\/api.w.org\/{rel}","templated":true}]}}