{"id":10,"date":"2012-08-14T08:54:02","date_gmt":"2012-08-14T07:54:02","guid":{"rendered":"http:\/\/kfz-sv-nrw.de\/?page_id=10"},"modified":"2020-10-14T20:50:59","modified_gmt":"2020-10-14T19:50:59","slug":"impressum","status":"publish","type":"page","link":"http:\/\/kfz-sv-nrw.de\/root\/impressum\/","title":{"rendered":"Impressum"},"content":{"rendered":"<p>Dortmund und Ruhrgebiet (NRW) bestellter Sachverst\u00e4ndiger f\u00fcr das Kraftfahrzeugtechnikerhandwerk.<\/p>\n<p>Es gelten die Regelungen der Handwerksordnung bzw. der Sachverst\u00e4ndigenordnung.<\/p>\n<p><strong><br \/>\nKFZ-Sachverst\u00e4ndigenb\u00fcro Diplom-Ing, Ansari<\/strong><br \/>\nAm Bahnhof Tierpark 44<br \/>\n44225 Dortmund<\/p>\n<p><strong>Telefon<\/strong>: 0171-7087981<br \/>\n<strong>Telefax<\/strong>: 0231-8622160<br \/>\n<strong>E-Mail: \u00a0<\/strong> info@kfz-sv-nrw.de<\/p>\n<p>USt-IdNr: 315 \/ 5004 \/ 0260<\/p>\n<h3><\/h3>\n<hr \/>\n<p><!--more--><\/p>\n<h4><strong>Hinweise zu externen Links<\/strong><\/h4>\n<p>Sofern auf Verweisziele (\u201cLinks\u201d) direkt oder indirekt verwiesen wird, die au\u00dferhalb des Verantwortungsbereiches der Autoren liegen, haften diese nur dann, wenn sie von den Inhalten Kenntnis haben und es ihnen technisch m\u00f6glich und zumutbar w\u00e4re, die Nutzung im Falle rechtswidriger Inhalte zu verhindern. Damit wird ausdr\u00fccklich erkl\u00e4rt, dass die Autoren keinerlei Einfluss auf die Gestaltung und Inhalte der gelinkten\/verkn\u00fcpften Seiten haben. Deshalb distanzieren sich die Autoren hiermit ausdr\u00fccklich von allen Inhalten aller gelinkten\/verkn\u00fcpften Seiten, die nach der Linkssetzung ver\u00e4ndert wurden.<\/p>\n<p>F\u00fcr dar\u00fcber hinausgehende Inhalte und insbesondere f\u00fcr Sch\u00e4den, die aus der Nutzung oder Nichtnutzung solcherart dargebotener Informationen entstehen, haftet allein der Anbieter dieser Seiten, nicht derjenige, der \u00fcber Links auf die jeweilige Ver\u00f6ffentlichung lediglich verweist.<\/p>\n<h4><strong>Hinweise zum Urheberrechtsschutz<\/strong><\/h4>\n<p>Die Autoren sind bestrebt, in allen Publikationen die Urheberrechte der verwendeten Grafiken und Texte zu beachten, von ihnen selbst erstellte Grafiken und Texte zu nutzen oder auf lizenzfreie Grafiken und Texte zur\u00fcckzugreifen. Sollte sich auf den jeweiligen Seiten dennoch eine ungekennzeichnete, aber durch fremdes Copyright gesch\u00fctzte Grafik oder Text befinden, so konnte das Copyright von den Autoren nicht festgestellt werden. Im Falle einer solchen unbeabsichtigten Copyrightverletzung werden die Autoren das entsprechende Objekt nach Benachrichtigung aus seiner Publikation entfernen bzw. mit dem entsprechenden Copyright kenntlich machen.<br \/>\nDas Copyright f\u00fcr ver\u00f6ffentlichte, von den Autoren selbst erstellte Objekte bleibt allein bei den Autoren der Seiten. Eine Vervielf\u00e4ltigung oder Verwendung solcher Grafiken oder Texte in anderen elektronischen oder gedruckten Publikationen ist ohne ausdr\u00fcckliche Zustimmung der Autoren nicht gestattet.<\/p>\n<h4><strong>Haftungsausschluss<\/strong><\/h4>\n<p>Dieser Haftungsausschluss ist als Teil des Internetangebotes zu betrachten. Sofern Teile oder einzelne Formulierungen dieses Textes der geltenden Rechtslage nicht, nicht mehr oder nicht vollst\u00e4ndig entsprechen sollten, bleiben die \u00fcbrigen Teile des Dokumentes in ihrem Inhalt und ihrer G\u00fcltigkeit davon unber\u00fchrt.<br \/>\nDie Autoren \u00fcbernehmen keinerlei Gew\u00e4hr f\u00fcr die Aktualit\u00e4t, Korrektheit, Vollst\u00e4ndigkeit oder Qualit\u00e4t der bereitgestellten Informationen. Haftungsanspr\u00fcche gegen die Autoren, die sich auf Sch\u00e4den materieller oder ideeller Art beziehen, welche durch die Nutzung oder Nichtnutzung der dargebotenen Informationen bzw. durch die Nutzung fehlerhafter und unvollst\u00e4ndiger Informationen verursacht wurden sind grunds\u00e4tzlich ausgeschlossen, sofern seitens des Autors kein nachweislich vors\u00e4tzliches oder grob fahrl\u00e4ssiges Verschulden vorliegt.<\/p>\n<h4><strong>Urheber- und Kennzeichenrecht<\/strong><\/h4>\n<p>Der Autor ist bestrebt, in allen Publikationen die Urheberrechte der verwendeten Bilder, Grafiken, Tondokumente, Videosequenzen und Texte zu beachten, von ihm selbst erstellte Bilder, Grafiken, Tondokumente, Videosequenzen und Texte zu nutzen oder auf lizenzfreie Grafiken, Tondokumente, Videosequenzen und Texte zur\u00fcckzugreifen.<br \/>\nAlle innerhalb des Internetangebotes genannten und ggf. durch Dritte gesch\u00fctzten Marken- und Warenzeichen unterliegen uneingeschr\u00e4nkt den Bestimmungen des jeweils g\u00fcltigen Kennzeichenrechts und den Besitzrechten der jeweiligen eingetragenen Eigent\u00fcmer. Allein aufgrund der blo\u00dfen Nennung ist nicht der Schluss zu ziehen, dass Markenzeichen nicht durch Rechte Dritter gesch\u00fctzt sind!<br \/>\nDas Copyright f\u00fcr ver\u00f6ffentlichte, vom Autor selbst erstellte Objekte bleibt allein beim Autor der Seiten. Eine Vervielf\u00e4ltigung oder Verwendung solcher Grafiken, Tondokumente, Videosequenzen und Texte in anderen elektronischen oder gedruckten Publikationen ist ohne ausdr\u00fcckliche Zustimmung des Autors nicht gestattet.<\/p>\n<p>Diese Website benutzt Google Analytics and Google AdSense, einen Werbeanzeigen und einen Webanalysedienst der Google Inc. (&#8222;Google&#8220;). Google Analytics verwendet sog. &#8222;Cookies&#8220;, Textdateien, die auf Ihrem Computer gespeichert werden und die eine Analyse der Benutzung der Website durch Sie erm\u00f6glichen.<\/p>\n<p>Die durch den Cookie erzeugten Informationen \u00fcber Ihre Benutzung dieser Website werden in der Regel an einen Server von Google in den USA \u00fcbertragen und dort gespeichert. Im Falle der Aktivierung der IP-Anonymisierung auf dieser Webseite wird Ihre IP-Adresse von Google jedoch innerhalb von Mitgliedstaaten der Europ\u00e4ischen Union oder in anderen Vertragsstaaten des Abkommens \u00fcber den Europ\u00e4ischen Wirtschaftsraum zuvor gek\u00fcrzt.<\/p>\n<p>Nur in Ausnahmef\u00e4llen wird die volle IP-Adresse an einen Server von Google in den USA \u00fcbertragen und dort gek\u00fcrzt. Im Auftrag des Betreibers dieser Website wird Google diese Informationen benutzen, um Ihre Nutzung der Website auszuwerten, um Reports \u00fcber die Websiteaktivit\u00e4ten zusammenzustellen und um weitere mit der Websitenutzung und der Internetnutzung verbundene Dienstleistungen gegen\u00fcber dem Websitebetreiber zu erbringen. Die im Rahmen von Google Analytics von Ihrem Browser \u00fcbermittelte IP-Adresse wird nicht mit anderen Daten von Google zusammengef\u00fchrt.<\/p>\n<p>Sie k\u00f6nnen die Speicherung der Cookies durch eine entsprechende Einstellung Ihrer Browser-Software verhindern<\/p>\n<p><strong>Bitte lesen Sie auch die <a href=\"http:\/\/www.disclaimer.de\/disclaimer.htm\">rechtlichen Hinweise zur Haftung (Disclaimer)<\/a>!<\/strong><\/p>\n","protected":false},"excerpt":{"rendered":"<p>Dortmund und Ruhrgebiet (NRW) bestellter Sachverst\u00e4ndiger f\u00fcr das Kraftfahrzeugtechnikerhandwerk. Es gelten die Regelungen der Handwerksordnung bzw. der Sachverst\u00e4ndigenordnung. KFZ-Sachverst\u00e4ndigenb\u00fcro Diplom-Ing, Ansari Am Bahnhof Tierpark 44 44225 Dortmund Telefon: 0171-7087981 Telefax: 0231-8622160 E-Mail: \u00a0 info@kfz-sv-nrw.de USt-IdNr: 315 \/ 5004 \/ 0260<\/p>\n","protected":false},"author":3,"featured_media":0,"parent":0,"menu_order":3,"comment_status":"closed","ping_status":"closed","template":"","meta":{"footnotes":""},"class_list":["post-10","page","type-page","status-publish","hentry"],"_links":{"self":[{"href":"http:\/\/kfz-sv-nrw.de\/root\/wp-json\/wp\/v2\/pages\/10","targetHints":{"allow":["GET"]}}],"collection":[{"href":"http:\/\/kfz-sv-nrw.de\/root\/wp-json\/wp\/v2\/pages"}],"about":[{"href":"http:\/\/kfz-sv-nrw.de\/root\/wp-json\/wp\/v2\/types\/page"}],"author":[{"embeddable":true,"href":"http:\/\/kfz-sv-nrw.de\/root\/wp-json\/wp\/v2\/users\/3"}],"replies":[{"embeddable":true,"href":"http:\/\/kfz-sv-nrw.de\/root\/wp-json\/wp\/v2\/comments?post=10"}],"version-history":[{"count":2,"href":"http:\/\/kfz-sv-nrw.de\/root\/wp-json\/wp\/v2\/pages\/10\/revisions"}],"predecessor-version":[{"id":421,"href":"http:\/\/kfz-sv-nrw.de\/root\/wp-json\/wp\/v2\/pages\/10\/revisions\/421"}],"wp:attachment":[{"href":"http:\/\/kfz-sv-nrw.de\/root\/wp-json\/wp\/v2\/media?parent=10"}],"curies":[{"name":"wp","href":"https:\/\/api.w.org\/{rel}","templated":true}]}}